{"id":2233,"date":"2023-12-28T08:57:19","date_gmt":"2023-12-28T08:57:19","guid":{"rendered":"https:\/\/biozym.vn\/?post_type=product&#038;p=2233"},"modified":"2025-12-25T21:29:20","modified_gmt":"2025-12-25T14:29:20","slug":"promax-gxi-microbilogical-mixture","status":"publish","type":"product","link":"https:\/\/biozym.vn\/en\/promax-gxi-microbilogical-mixture\/","title":{"rendered":"PROMAX GXI- MICROBIOLOGICAL MIXTURE"},"content":{"rendered":"<p>H\u1ed7n h\u1ee3p probiotic t\u1eeb trung b\u00ecnh \u0111\u1ebfn cao c\u1ea5p, d\u00e0nh cho c\u00e1c nhu c\u1ea7u th\u1ecb tr\u01b0\u1eddng kh\u00e1c nhau v\u00e0 \u0111\u1ecbnh v\u1ecb s\u1ea3n ph\u1ea9m t\u1eadp trung v\u00e0o ch\u1ee9c n\u0103ng. T\u1eadp trung v\u00e0o vi\u1ec7c ng\u0103n ng\u1eeba v\u00e0 gi\u1ea3m ti\u00eau ch\u1ea3y v\u00e0 t\u00e1o b\u00f3n, c\u1ea3i thi\u1ec7n t\u1ed1c \u0111\u1ed9 t\u0103ng tr\u01b0\u1edfng v\u00e0 s\u1eed d\u1ee5ng th\u1ee9c \u0103n, gi\u1ea3m t\u1ef7 l\u1ec7 t\u1eed vong, v.v.<\/p>\n","protected":false},"excerpt":{"rendered":"<p>H\u1ed7n h\u1ee3p probiotic t\u1eeb trung b\u00ecnh \u0111\u1ebfn cao c\u1ea5p, d\u00e0nh cho c\u00e1c nhu c\u1ea7u th\u1ecb tr\u01b0\u1eddng kh\u00e1c nhau v\u00e0 \u0111\u1ecbnh v\u1ecb s\u1ea3n ph\u1ea9m t\u1eadp trung v\u00e0o ch\u1ee9c n\u0103ng. T\u1eadp trung v\u00e0o vi\u1ec7c ng\u0103n ng\u1eeba v\u00e0 gi\u1ea3m ti\u00eau ch\u1ea3y v\u00e0 t\u00e1o b\u00f3n, c\u1ea3i thi\u1ec7n t\u1ed1c \u0111\u1ed9 t\u0103ng tr\u01b0\u1edfng v\u00e0 s\u1eed d\u1ee5ng th\u1ee9c \u0103n, gi\u1ea3m t\u1ef7 l\u1ec7 t\u1eed vong, v.v.<\/p>\n","protected":false},"featured_media":8248,"comment_status":"open","ping_status":"closed","template":"","meta":{"inline_featured_image":false},"product_brand":[],"product_cat":[41],"product_tag":[836,837],"class_list":{"0":"post-2233","1":"product","2":"type-product","3":"status-publish","4":"has-post-thumbnail","6":"product_cat-enzymes-for-animal-feed-and-probiotics","7":"product_tag-probiotic","8":"product_tag-promax-gxi","10":"first","11":"instock","12":"taxable","13":"shipping-taxable","14":"product-type-simple"},"acf":[],"_links":{"self":[{"href":"https:\/\/biozym.vn\/en\/wp-json\/wp\/v2\/product\/2233","targetHints":{"allow":["GET"]}}],"collection":[{"href":"https:\/\/biozym.vn\/en\/wp-json\/wp\/v2\/product"}],"about":[{"href":"https:\/\/biozym.vn\/en\/wp-json\/wp\/v2\/types\/product"}],"replies":[{"embeddable":true,"href":"https:\/\/biozym.vn\/en\/wp-json\/wp\/v2\/comments?post=2233"}],"version-history":[{"count":0,"href":"https:\/\/biozym.vn\/en\/wp-json\/wp\/v2\/product\/2233\/revisions"}],"wp:featuredmedia":[{"embeddable":true,"href":"https:\/\/biozym.vn\/en\/wp-json\/wp\/v2\/media\/8248"}],"wp:attachment":[{"href":"https:\/\/biozym.vn\/en\/wp-json\/wp\/v2\/media?parent=2233"}],"wp:term":[{"taxonomy":"product_brand","embeddable":true,"href":"https:\/\/biozym.vn\/en\/wp-json\/wp\/v2\/product_brand?post=2233"},{"taxonomy":"product_cat","embeddable":true,"href":"https:\/\/biozym.vn\/en\/wp-json\/wp\/v2\/product_cat?post=2233"},{"taxonomy":"product_tag","embeddable":true,"href":"https:\/\/biozym.vn\/en\/wp-json\/wp\/v2\/product_tag?post=2233"}],"curies":[{"name":"wp","href":"https:\/\/api.w.org\/{rel}","templated":true}]}}