{"id":7666,"date":"2025-07-18T15:06:17","date_gmt":"2025-07-18T08:06:17","guid":{"rendered":"https:\/\/biozym.vn\/?post_type=product&#038;p=7666"},"modified":"2025-07-18T16:16:58","modified_gmt":"2025-07-18T09:16:58","slug":"bot-yen-mach","status":"publish","type":"product","link":"https:\/\/biozym.vn\/en\/bot-yen-mach\/","title":{"rendered":"B\u1ed9t y\u1ebfn m\u1ea1ch"},"content":{"rendered":"<p>B\u1ed9t Y\u1ebfn M\u1ea1ch Biozym \u2013 \u0111\u01b0\u1ee3c nghi\u1ec1n m\u1ecbn t\u1eeb y\u1ebfn m\u1ea1ch c\u00e1n d\u1eb9t cao c\u1ea5p, chu\u1ea9n qu\u1ed1c t\u1ebf, kh\u00f4ng GMO. Ph\u00f9 h\u1ee3p cho c\u00e1c s\u1ea3n ph\u1ea9m t\u1eeb \u00a0s\u1eefa h\u1ea1t, ch\u00e1o \u0103n li\u1ec1n, b\u00e1nh \u0103n ki\u00eang v\u00e0 th\u1ef1c ph\u1ea9m chay. Cam k\u1ebft ch\u1ea5t l\u01b0\u1ee3ng, ngu\u1ed3n cung \u1ed5n \u0111\u1ecbnh, gi\u00e1 c\u1ea3 c\u1ea1nh tranh.<\/p>\n","protected":false},"excerpt":{"rendered":"<p>B\u1ed9t Y\u1ebfn M\u1ea1ch Biozym \u2013 \u0111\u01b0\u1ee3c nghi\u1ec1n m\u1ecbn t\u1eeb y\u1ebfn m\u1ea1ch c\u00e1n d\u1eb9t cao c\u1ea5p, chu\u1ea9n qu\u1ed1c t\u1ebf, kh\u00f4ng GMO. Ph\u00f9 h\u1ee3p cho c\u00e1c s\u1ea3n ph\u1ea9m t\u1eeb \u00a0s\u1eefa h\u1ea1t, ch\u00e1o \u0103n li\u1ec1n, b\u00e1nh \u0103n ki\u00eang v\u00e0 th\u1ef1c ph\u1ea9m chay. Cam k\u1ebft ch\u1ea5t l\u01b0\u1ee3ng, ngu\u1ed3n cung \u1ed5n \u0111\u1ecbnh, gi\u00e1 c\u1ea3 c\u1ea1nh tranh.<\/p>\n","protected":false},"featured_media":7669,"comment_status":"open","ping_status":"closed","template":"","meta":{"inline_featured_image":false},"product_brand":[],"product_cat":[40],"product_tag":[1012,1004],"class_list":{"0":"post-7666","1":"product","2":"type-product","3":"status-publish","4":"has-post-thumbnail","6":"product_cat-san-pham-dac-biet-khac","7":"product_tag-bot-yen-mach","8":"product_tag-yen-mach","10":"first","11":"instock","12":"taxable","13":"shipping-taxable","14":"product-type-simple"},"acf":[],"_links":{"self":[{"href":"https:\/\/biozym.vn\/en\/wp-json\/wp\/v2\/product\/7666","targetHints":{"allow":["GET"]}}],"collection":[{"href":"https:\/\/biozym.vn\/en\/wp-json\/wp\/v2\/product"}],"about":[{"href":"https:\/\/biozym.vn\/en\/wp-json\/wp\/v2\/types\/product"}],"replies":[{"embeddable":true,"href":"https:\/\/biozym.vn\/en\/wp-json\/wp\/v2\/comments?post=7666"}],"version-history":[{"count":0,"href":"https:\/\/biozym.vn\/en\/wp-json\/wp\/v2\/product\/7666\/revisions"}],"wp:featuredmedia":[{"embeddable":true,"href":"https:\/\/biozym.vn\/en\/wp-json\/wp\/v2\/media\/7669"}],"wp:attachment":[{"href":"https:\/\/biozym.vn\/en\/wp-json\/wp\/v2\/media?parent=7666"}],"wp:term":[{"taxonomy":"product_brand","embeddable":true,"href":"https:\/\/biozym.vn\/en\/wp-json\/wp\/v2\/product_brand?post=7666"},{"taxonomy":"product_cat","embeddable":true,"href":"https:\/\/biozym.vn\/en\/wp-json\/wp\/v2\/product_cat?post=7666"},{"taxonomy":"product_tag","embeddable":true,"href":"https:\/\/biozym.vn\/en\/wp-json\/wp\/v2\/product_tag?post=7666"}],"curies":[{"name":"wp","href":"https:\/\/api.w.org\/{rel}","templated":true}]}}