{"id":7945,"date":"2025-10-03T20:53:02","date_gmt":"2025-10-03T13:53:02","guid":{"rendered":"https:\/\/biozym.vn\/?post_type=product&#038;p=7945"},"modified":"2025-10-03T20:54:48","modified_gmt":"2025-10-03T13:54:48","slug":"konjac-gum","status":"publish","type":"product","link":"https:\/\/biozym.vn\/en\/konjac-gum\/","title":{"rendered":"Konjac Gum"},"content":{"rendered":"<p>Konjac Gum\u00a0 l\u00e0 ph\u1ee5 gia c\u00f3 ngu\u1ed3n g\u1ed1c t\u1ef1 nhi\u00ean, n\u1ed5i b\u1eadt v\u1edbi kh\u1ea3 n\u0103ng <strong data-start=\"529\" data-end=\"576\">t\u1ea1o gel \u0111\u00e0n h\u1ed3i, gi\u1eef n\u01b0\u1edbc v\u00e0 ch\u1ecbu nhi\u1ec7t t\u1ed1t<\/strong>. Trong ng\u00e0nh th\u1ef1c ph\u1ea9m Vi\u1ec7t Nam, Konjac Gum \u0111\u00f3ng vai tr\u00f2 thi\u1ebft y\u1ebfu trong vi\u1ec7c c\u1ea3i thi\u1ec7n k\u1ebft c\u1ea5u, k\u00e9o d\u00e0i th\u1eddi gian b\u1ea3o qu\u1ea3n v\u00e0 n\u00e2ng cao c\u1ea3m quan s\u1ea3n ph\u1ea9m.<\/p>\n","protected":false},"excerpt":{"rendered":"<p>Konjac Gum\u00a0 l\u00e0 ph\u1ee5 gia c\u00f3 ngu\u1ed3n g\u1ed1c t\u1ef1 nhi\u00ean, n\u1ed5i b\u1eadt v\u1edbi kh\u1ea3 n\u0103ng t\u1ea1o gel \u0111\u00e0n h\u1ed3i, gi\u1eef n\u01b0\u1edbc v\u00e0 ch\u1ecbu nhi\u1ec7t t\u1ed1t. Trong ng\u00e0nh th\u1ef1c ph\u1ea9m Vi\u1ec7t Nam, Konjac Gum \u0111\u00f3ng vai tr\u00f2 thi\u1ebft y\u1ebfu trong vi\u1ec7c c\u1ea3i thi\u1ec7n k\u1ebft c\u1ea5u, k\u00e9o d\u00e0i th\u1eddi gian b\u1ea3o qu\u1ea3n v\u00e0 n\u00e2ng cao c\u1ea3m quan [&hellip;]<\/p>\n","protected":false},"featured_media":7948,"comment_status":"open","ping_status":"closed","template":"","meta":{"inline_featured_image":false},"product_brand":[],"product_cat":[40,739],"product_tag":[315],"class_list":{"0":"post-7945","1":"product","2":"type-product","3":"status-publish","4":"has-post-thumbnail","6":"product_cat-san-pham-dac-biet-khac","7":"product_cat-uncategorized","8":"product_tag-konjac-gum","10":"first","11":"instock","12":"taxable","13":"shipping-taxable","14":"product-type-simple"},"acf":[],"_links":{"self":[{"href":"https:\/\/biozym.vn\/en\/wp-json\/wp\/v2\/product\/7945","targetHints":{"allow":["GET"]}}],"collection":[{"href":"https:\/\/biozym.vn\/en\/wp-json\/wp\/v2\/product"}],"about":[{"href":"https:\/\/biozym.vn\/en\/wp-json\/wp\/v2\/types\/product"}],"replies":[{"embeddable":true,"href":"https:\/\/biozym.vn\/en\/wp-json\/wp\/v2\/comments?post=7945"}],"version-history":[{"count":0,"href":"https:\/\/biozym.vn\/en\/wp-json\/wp\/v2\/product\/7945\/revisions"}],"wp:featuredmedia":[{"embeddable":true,"href":"https:\/\/biozym.vn\/en\/wp-json\/wp\/v2\/media\/7948"}],"wp:attachment":[{"href":"https:\/\/biozym.vn\/en\/wp-json\/wp\/v2\/media?parent=7945"}],"wp:term":[{"taxonomy":"product_brand","embeddable":true,"href":"https:\/\/biozym.vn\/en\/wp-json\/wp\/v2\/product_brand?post=7945"},{"taxonomy":"product_cat","embeddable":true,"href":"https:\/\/biozym.vn\/en\/wp-json\/wp\/v2\/product_cat?post=7945"},{"taxonomy":"product_tag","embeddable":true,"href":"https:\/\/biozym.vn\/en\/wp-json\/wp\/v2\/product_tag?post=7945"}],"curies":[{"name":"wp","href":"https:\/\/api.w.org\/{rel}","templated":true}]}}